{"id":120,"date":"2024-09-06T06:20:40","date_gmt":"2024-09-06T06:20:40","guid":{"rendered":"https:\/\/humanempowerment.at\/?page_id=120"},"modified":"2024-09-06T06:20:40","modified_gmt":"2024-09-06T06:20:40","slug":"agb","status":"publish","type":"page","link":"https:\/\/humanempowerment.at\/?page_id=120","title":{"rendered":"AGB"},"content":{"rendered":"\n<h3 class=\"wp-block-heading\">Stornobedingungen:<\/h3>\n\n\n\n<p>Ich bitte um Ihr Verst\u00e4ndnis, dass bei Stornierungen von Keynotes, Workshops oder Trainings die folgende Bedingungen zum Tragen kommen.<br>Bei Stornierung bis 30 Tage vor der Veranstaltung (Keynote, Workshop, Training) oder zu einem sp\u00e4teren Zeitpunkt werden 50 % des Honorars lt. Angebot bzw. Auftragsbest\u00e4tigung f\u00e4llig. Zu einem sp\u00e4teren Zeitpunkt, n\u00e4mlich innerhalb von 2 Wochen vor Veranstaltungsbeginn wird der Gesamtbetrag des Honorars verrechnet.<\/p>\n\n\n\n<p><strong>Erf\u00fcllungsort und Gerichtsstand<\/strong><br>Erf\u00fcllungsort ist der Ort, an dem Manuela Wenger \u2013 DIE WERTSCH\u00c4TZERIN \u2013 ihren Sitz hat.<br>Als ausschlie\u00dflicher Gerichtsstand f\u00fcr allf\u00e4llige Streitigkeiten aus dem Vertragsverh\u00e4ltnis mit Manuela Wenger wird im zweiseitigen Unternehmergesch\u00e4ft das \u00f6rtlich zust\u00e4ndige Gericht am Sitz des Unternehmensstandortes von Manuela Wenger vereinbart.<br>Der zwingende Gerichtsstand f\u00fcr allf\u00e4llige Streitigkeiten aus dem Vertragsverh\u00e4ltnis mit der Manuela Wenger \u2013 DIE WERTSCH\u00c4TZERIN \u2013 in Zusammenhang mit einem \u00f6sterreichischen Verbraucher ist in jenem Sprengel, wo der Verbraucher seinen ausschlie\u00dflichen Wohnsitz, gew\u00f6hnlichen Aufenthaltsort oder Besch\u00e4ftigungsort hat (\u00a7 14 KSchG).<br>Ist der Vertragspartner ein Verbraucher, welcher seinen Wohnsitz in einem Mitgliedsstaat der europ\u00e4ischen Union (mit Ausnahme von \u00d6sterreich) hat, dann ist ausschlie\u00dflich f\u00fcr Klagen gegen den Verbraucher, das f\u00fcr den Wohnsitz des Verbrauchers \u00f6rtlich und sachlich zust\u00e4ndige Gericht zust\u00e4ndig.<\/p>\n\n\n\n<p><strong>Haftung<\/strong><br>Jede\/r Teilnehmer\/in ist w\u00e4hrend der Keynote \/ des Worskhops oder Training f\u00fcr das er\/sie tut und erf\u00e4hrt, eigenverantwortlich. DIE WERTSCH\u00c4TZERIN haftet f\u00fcr eigenes Verschulden nur im Falle von Vorsatz und grober Fahrl\u00e4ssigkeit. Eine dar\u00fcber hinausgehende Haftung \u2013 gleichg\u00fcltig aus welchem Rechtsgrund \u2013 ist ausgeschlossen.<br>Ausgenommen davon ist eine Haftung nach dem Produkthaftpflichtgesetzt, aufgrund ausdr\u00fccklicher Zusicherung, wegen Verzugs und wegen von den Veranstaltern zu vertretender Unm\u00f6glichkeit. Im Falle des Verzugs und der zu vertretenden Unm\u00f6glichkeit beschr\u00e4nkt sich die Haftung auf die H\u00f6he einer Seminargeb\u00fchr.<\/p>\n\n\n\n<p><strong>E-Mails<\/strong><br>Im Einklang mit dem E-Commerce-Gesetz (ECG) machen wir darauf aufmerksam, dass an uns gesendete E-Mails nur zu den \u00fcblichen Gesch\u00e4fts\u00f6ffnungszeiten abgerufen und dann gegebenenfalls beantwortet werden.<\/p>\n","protected":false},"excerpt":{"rendered":"<p>Stornobedingungen: Ich bitte um Ihr Verst\u00e4ndnis, dass bei Stornierungen von Keynotes, Workshops oder Trainings die folgende Bedingungen zum Tragen kommen.Bei Stornierung bis 30 Tage vor der Veranstaltung (Keynote, Workshop, Training) oder zu einem sp\u00e4teren Zeitpunkt werden 50 % des Honorars lt. Angebot bzw. Auftragsbest\u00e4tigung f\u00e4llig. Zu einem sp\u00e4teren Zeitpunkt, n\u00e4mlich innerhalb von 2 Wochen vor [&hellip;]<\/p>\n","protected":false},"author":1,"featured_media":0,"parent":0,"menu_order":0,"comment_status":"closed","ping_status":"closed","template":"","meta":{"footnotes":""},"class_list":["post-120","page","type-page","status-publish","hentry"],"_links":{"self":[{"href":"https:\/\/humanempowerment.at\/index.php?rest_route=\/wp\/v2\/pages\/120","targetHints":{"allow":["GET"]}}],"collection":[{"href":"https:\/\/humanempowerment.at\/index.php?rest_route=\/wp\/v2\/pages"}],"about":[{"href":"https:\/\/humanempowerment.at\/index.php?rest_route=\/wp\/v2\/types\/page"}],"author":[{"embeddable":true,"href":"https:\/\/humanempowerment.at\/index.php?rest_route=\/wp\/v2\/users\/1"}],"replies":[{"embeddable":true,"href":"https:\/\/humanempowerment.at\/index.php?rest_route=%2Fwp%2Fv2%2Fcomments&post=120"}],"version-history":[{"count":1,"href":"https:\/\/humanempowerment.at\/index.php?rest_route=\/wp\/v2\/pages\/120\/revisions"}],"predecessor-version":[{"id":121,"href":"https:\/\/humanempowerment.at\/index.php?rest_route=\/wp\/v2\/pages\/120\/revisions\/121"}],"wp:attachment":[{"href":"https:\/\/humanempowerment.at\/index.php?rest_route=%2Fwp%2Fv2%2Fmedia&parent=120"}],"curies":[{"name":"wp","href":"https:\/\/api.w.org\/{rel}","templated":true}]}}